{"id":18658,"date":"2024-01-30T15:55:28","date_gmt":"2024-01-30T15:55:28","guid":{"rendered":"https:\/\/amlcertification.com\/?page_id=18658"},"modified":"2025-05-19T17:56:07","modified_gmt":"2025-05-19T17:56:07","slug":"verificar-certificado","status":"publish","type":"page","link":"https:\/\/amlcertification.com\/es\/verificar-certificado\/","title":{"rendered":"Verificar Certificado"},"content":{"rendered":"      <section class=\"section-block\">\r\n      <div class=\"wrapper\">\r\n        <div class=\"learning-benefits learning-benefits--about\">\r\n          <img decoding=\"async\" src=\"https:\/\/amlcertification.com\/wp-content\/uploads\/2024\/03\/Home_web-1.jpg\" class=\"img-bg-desk\" alt=\"image\">\r\n          <img decoding=\"async\" src=\"https:\/\/amlcertification.com\/wp-content\/uploads\/2024\/03\/Home_mob-1.jpg\" class=\"img-bg-mob\" alt=\"image\">\r\n                      <div>\r\n              <a href=\"\/courses\/\" class=\"learning-benefits__link\">\r\n                  <p><b class=\"desk-text\">Elige tu curso<\/b><br \/>\n<b class=\"mob-text\">Elige tu curso<\/b><\/p>\n                <img decoding=\"async\" src=\"https:\/\/amlcertification.com\/wp-content\/themes\/aml\/public\/images\/icons\/arrow.svg\" alt=\"arrow icon\">\r\n              <\/a>\r\n            <\/div>\r\n                  <\/div>\r\n      <\/div>\r\n    <\/section>\r\n  \n\n\r\n  <section class=\"section-block mb-128\">\r\n    <div class=\"wrapper\">\r\n      <div>\r\n        <div class=\"slider-top\">\r\n          <h2><\/h2>\r\n                      <div class=\"swiper-nav-wrapper swiper-nav-wrapper--desktop\">\r\n              <div class=\"swiper-button-prev\"><img decoding=\"async\" src=\"https:\/\/amlcertification.com\/wp-content\/themes\/aml\/public\/images\/icons\/arrow-prev.svg\" alt=\"icon slider nav\">\r\n              <\/div>\r\n              <div class=\"swiper-button-next\"><img decoding=\"async\" src=\"https:\/\/amlcertification.com\/wp-content\/themes\/aml\/public\/images\/icons\/arrow-next.svg\" alt=\"icon slider nav\">\r\n              <\/div>\r\n            <\/div>\r\n                    \r\n        <\/div>\r\n        <div class=\"swiper swiper-three\">\r\n                      <div class=\"swiper-wrapper\">\r\n                            <div class=\"swiper-slide comment-card\">\r\n                  <div class=\"comment-card__icon\">\r\n                    <img decoding=\"async\" src=\"https:\/\/amlcertification.com\/wp-content\/uploads\/2024\/03\/Frame-274.png\" alt=\"icon comment\">\r\n                  <\/div>\r\n                  <div class=\"comment-card__rating\">\r\n                    5\/5\r\n                    <div class=\"rating\">\r\n                      <img decoding=\"async\" src=\"https:\/\/amlcertification.com\/wp-content\/themes\/aml\/public\/images\/icons\/stars.svg\" alt=\"\">\r\n                      <img decoding=\"async\" src=\"https:\/\/amlcertification.com\/wp-content\/themes\/aml\/public\/images\/icons\/stars.svg\" alt=\"\">\r\n                      <img decoding=\"async\" src=\"https:\/\/amlcertification.com\/wp-content\/themes\/aml\/public\/images\/icons\/stars.svg\" alt=\"\">\r\n                      <img decoding=\"async\" src=\"https:\/\/amlcertification.com\/wp-content\/themes\/aml\/public\/images\/icons\/stars.svg\" alt=\"\">\r\n                      <img decoding=\"async\" src=\"https:\/\/amlcertification.com\/wp-content\/themes\/aml\/public\/images\/icons\/stars.svg\" alt=\"\">\r\n                    <\/div>\r\n                  <\/div>\r\n                  <div class=\"comment-card__content\">\r\n                    Equipando a los profesionales de cumplimiento con las herramientas para identificar y neutralizar las amenazas que enfrentan las entidades obligadas &#8211; los programas de formaci\u00f3n del AML Certification Centre son un conjunto efectivo de herramientas contra el crimen financiero, creadas por y para profesionales.                  <\/div>\r\n                  <div class=\"comment-card__more\">Seguir leyendo<\/div>\r\n                  <ul class=\"author-info\">\r\n                                          <li><b><a href=\"https:\/\/lt.linkedin.com\/in\/igoris-krzeckovskis-933169b8 \">Igoris Krzeckovskis<\/a><\/b><a href=\"https:\/\/lt.linkedin.com\/in\/igoris-krzeckovskis-933169b8 \"><img decoding=\"async\" src=\"https:\/\/amlcertification.com\/wp-content\/themes\/aml\/public\/images\/icons\/lnic.svg\" alt=\"linkedin\"><\/a><\/li>\r\n                                        <li>Experto Internacional<\/li>\r\n                    <li>UNODC<\/li>\r\n                  <\/ul>\r\n                <\/div>\r\n                            <div class=\"swiper-slide comment-card\">\r\n                  <div class=\"comment-card__icon\">\r\n                    <img decoding=\"async\" src=\"https:\/\/amlcertification.com\/wp-content\/uploads\/2024\/03\/Frame-272.png\" alt=\"icon comment\">\r\n                  <\/div>\r\n                  <div class=\"comment-card__rating\">\r\n                    5\/5\r\n                    <div class=\"rating\">\r\n                      <img decoding=\"async\" src=\"https:\/\/amlcertification.com\/wp-content\/themes\/aml\/public\/images\/icons\/stars.svg\" alt=\"\">\r\n                      <img decoding=\"async\" src=\"https:\/\/amlcertification.com\/wp-content\/themes\/aml\/public\/images\/icons\/stars.svg\" alt=\"\">\r\n                      <img decoding=\"async\" src=\"https:\/\/amlcertification.com\/wp-content\/themes\/aml\/public\/images\/icons\/stars.svg\" alt=\"\">\r\n                      <img decoding=\"async\" src=\"https:\/\/amlcertification.com\/wp-content\/themes\/aml\/public\/images\/icons\/stars.svg\" alt=\"\">\r\n                      <img decoding=\"async\" src=\"https:\/\/amlcertification.com\/wp-content\/themes\/aml\/public\/images\/icons\/stars.svg\" alt=\"\">\r\n                    <\/div>\r\n                  <\/div>\r\n                  <div class=\"comment-card__content\">\r\n                    Este es uno de los mejores entrenamientos en AML\/CTF que he tenido en mi carrera profesional combatiendo el crimen financiero durante m\u00e1s de 15 a\u00f1os. En mi opini\u00f3n, el curso de AML\/CFT del AML Certification Centre es m\u00e1s valioso y relevante que otros similares ofrecidos por otras organizaciones. Puedes elegir la formaci\u00f3n personalizada seg\u00fan tu nivel de conocimiento y mejorarla. Si deseas leer contenido interesante y recibir formaci\u00f3n localizada, \u00a1definitivamente deber\u00edas tomarlo!                  <\/div>\r\n                  <div class=\"comment-card__more\">Seguir leyendo<\/div>\r\n                  <ul class=\"author-info\">\r\n                                          <li><b><a href=\"https:\/\/ee.linkedin.com\/in\/viktor-tkatsenko-6a386016b\">Viktor Tkatsenko<\/a><\/b><a href=\"https:\/\/ee.linkedin.com\/in\/viktor-tkatsenko-6a386016b\"><img decoding=\"async\" src=\"https:\/\/amlcertification.com\/wp-content\/themes\/aml\/public\/images\/icons\/lnic.svg\" alt=\"linkedin\"><\/a><\/li>\r\n                                        <li>Jefe del Departamento de AML y Seguridad<\/li>\r\n                    <li>Citadele Bank<\/li>\r\n                  <\/ul>\r\n                <\/div>\r\n                            <div class=\"swiper-slide comment-card\">\r\n                  <div class=\"comment-card__icon\">\r\n                    <img decoding=\"async\" src=\"https:\/\/amlcertification.com\/wp-content\/uploads\/2024\/11\/ftmo-1.png\" alt=\"icon comment\">\r\n                  <\/div>\r\n                  <div class=\"comment-card__rating\">\r\n                    5\/5\r\n                    <div class=\"rating\">\r\n                      <img decoding=\"async\" src=\"https:\/\/amlcertification.com\/wp-content\/themes\/aml\/public\/images\/icons\/stars.svg\" alt=\"\">\r\n                      <img decoding=\"async\" src=\"https:\/\/amlcertification.com\/wp-content\/themes\/aml\/public\/images\/icons\/stars.svg\" alt=\"\">\r\n                      <img decoding=\"async\" src=\"https:\/\/amlcertification.com\/wp-content\/themes\/aml\/public\/images\/icons\/stars.svg\" alt=\"\">\r\n                      <img decoding=\"async\" src=\"https:\/\/amlcertification.com\/wp-content\/themes\/aml\/public\/images\/icons\/stars.svg\" alt=\"\">\r\n                      <img decoding=\"async\" src=\"https:\/\/amlcertification.com\/wp-content\/themes\/aml\/public\/images\/icons\/stars.svg\" alt=\"\">\r\n                    <\/div>\r\n                  <\/div>\r\n                  <div class=\"comment-card__content\">\r\n                    Estoy realmente satisfecho con el programa de certificaci\u00f3n CASS. Me dio ideas y conocimientos \u00fatiles que ya he comenzado a aplicar en mi trabajo, incluso antes de terminar la prueba final y obtener la certificaci\u00f3n. Esto definitivamente me ayud\u00f3 a mejorar mis habilidades y confianza y aclar\u00f3 muchos puntos. \u00a1Recomiendo este curso a cualquiera que quiera aprender m\u00e1s sobre los principios y pr\u00e1cticas de AML\/CTF! La plataforma tambi\u00e9n es excelente y el soporte al cliente es muy r\u00e1pido.                  <\/div>\r\n                  <div class=\"comment-card__more\">Seguir leyendo<\/div>\r\n                  <ul class=\"author-info\">\r\n                                          <li><b>Krzysztof Skupinski<\/b><\/li>\r\n                                        <li>Especialista en Onboarding<\/li>\r\n                    <li>FTMO<\/li>\r\n                  <\/ul>\r\n                <\/div>\r\n                            <div class=\"swiper-slide comment-card\">\r\n                  <div class=\"comment-card__icon\">\r\n                    <img decoding=\"async\" src=\"https:\/\/amlcertification.com\/wp-content\/uploads\/2024\/07\/Vadim-Aljunin_56\u044556.png\" alt=\"icon comment\">\r\n                  <\/div>\r\n                  <div class=\"comment-card__rating\">\r\n                    5\/5\r\n                    <div class=\"rating\">\r\n                      <img decoding=\"async\" src=\"https:\/\/amlcertification.com\/wp-content\/themes\/aml\/public\/images\/icons\/stars.svg\" alt=\"\">\r\n                      <img decoding=\"async\" src=\"https:\/\/amlcertification.com\/wp-content\/themes\/aml\/public\/images\/icons\/stars.svg\" alt=\"\">\r\n                      <img decoding=\"async\" src=\"https:\/\/amlcertification.com\/wp-content\/themes\/aml\/public\/images\/icons\/stars.svg\" alt=\"\">\r\n                      <img decoding=\"async\" src=\"https:\/\/amlcertification.com\/wp-content\/themes\/aml\/public\/images\/icons\/stars.svg\" alt=\"\">\r\n                      <img decoding=\"async\" src=\"https:\/\/amlcertification.com\/wp-content\/themes\/aml\/public\/images\/icons\/stars.svg\" alt=\"\">\r\n                    <\/div>\r\n                  <\/div>\r\n                  <div class=\"comment-card__content\">\r\n                    Excelente curso con una gran cantidad de materiales. Lo mejor es que este curso se puede realizar cuando tengas tiempo y ganas de aprender. Gracias al AML Certification Centre por este curso.                  <\/div>\r\n                  <div class=\"comment-card__more\">Seguir leyendo<\/div>\r\n                  <ul class=\"author-info\">\r\n                                          <li><b><a href=\"https:\/\/www.linkedin.com\/in\/vadim-aljunin-a894b9240\/\">Vadim Aljunin<\/a><\/b><a href=\"https:\/\/www.linkedin.com\/in\/vadim-aljunin-a894b9240\/\"><img decoding=\"async\" src=\"https:\/\/amlcertification.com\/wp-content\/themes\/aml\/public\/images\/icons\/lnic.svg\" alt=\"linkedin\"><\/a><\/li>\r\n                                        <li>L\u00edder del equipo de Especialistas en KYC, <br> Especialista Certificado en AML y KYC<\/li>\r\n                    <li><\/li>\r\n                  <\/ul>\r\n                <\/div>\r\n                      <\/div>\r\n                  <\/div>\r\n        <div class=\"swiper-nav-wrapper swiper-nav-wrapper--mobile\">\r\n          <button type=\"button\" class=\"swiper-button-prev\"><img decoding=\"async\" src=\"https:\/\/amlcertification.com\/wp-content\/themes\/aml\/public\/images\/icons\/arrow-prev.svg\" alt=\"icon slider nav\"><\/button>\r\n          <button type=\"button\" class=\"swiper-button-next\"><img decoding=\"async\" src=\"https:\/\/amlcertification.com\/wp-content\/themes\/aml\/public\/images\/icons\/arrow-next.svg\" alt=\"icon slider nav\"><\/button>\r\n        <\/div>\r\n      <\/div>\r\n    <\/div>\r\n  <\/section>\r\n","protected":false},"excerpt":{"rendered":"","protected":false},"author":1,"featured_media":0,"parent":0,"menu_order":0,"comment_status":"closed","ping_status":"closed","template":"page_verified.php","meta":{"_acf_changed":false,"content-type":"","inline_featured_image":false,"footnotes":""},"class_list":["post-18658","page","type-page","status-publish","hentry"],"acf":[],"yoast_head":"<!-- This site is optimized with the Yoast SEO plugin v25.1 - https:\/\/yoast.com\/wordpress\/plugins\/seo\/ -->\n<title>Verificar Certificado | AML Certification Centre<\/title>\n<meta name=\"description\" content=\"Compruebe la validez de cualquier certificado de curso de nuestra empresa\" \/>\n<meta name=\"robots\" content=\"noindex, nofollow\" \/>\n<meta property=\"og:locale\" content=\"es\" \/>\n<meta property=\"og:type\" content=\"article\" \/>\n<meta property=\"og:title\" content=\"Verificar Certificado | AML Certification Centre\" \/>\n<meta property=\"og:description\" content=\"Compruebe la validez de cualquier certificado de curso de nuestra empresa\" \/>\n<meta property=\"og:url\" content=\"https:\/\/amlcertification.com\/es\/verificar-certificado\/\" \/>\n<meta property=\"og:site_name\" content=\"AML\" \/>\n<meta property=\"article:publisher\" content=\"https:\/\/www.facebook.com\/amlcertificationcentre\/\" \/>\n<meta property=\"article:modified_time\" content=\"2025-05-19T17:56:07+00:00\" \/>\n<meta name=\"twitter:card\" content=\"summary_large_image\" \/>\n<script type=\"application\/ld+json\" class=\"yoast-schema-graph\">{\"@context\":\"https:\/\/schema.org\",\"@graph\":[{\"@type\":\"WebPage\",\"@id\":\"https:\/\/amlcertification.com\/es\/verificar-certificado\/\",\"url\":\"https:\/\/amlcertification.com\/es\/verificar-certificado\/\",\"name\":\"Verificar Certificado | AML Certification Centre\",\"isPartOf\":{\"@id\":\"https:\/\/amlcertification.com\/es\/#website\"},\"datePublished\":\"2024-01-30T15:55:28+00:00\",\"dateModified\":\"2025-05-19T17:56:07+00:00\",\"description\":\"Compruebe la validez de cualquier certificado de curso de nuestra empresa\",\"breadcrumb\":{\"@id\":\"https:\/\/amlcertification.com\/es\/verificar-certificado\/#breadcrumb\"},\"inLanguage\":\"es\",\"potentialAction\":[{\"@type\":\"ReadAction\",\"target\":[\"https:\/\/amlcertification.com\/es\/verificar-certificado\/\"]}]},{\"@type\":\"BreadcrumbList\",\"@id\":\"https:\/\/amlcertification.com\/es\/verificar-certificado\/#breadcrumb\",\"itemListElement\":[{\"@type\":\"ListItem\",\"position\":1,\"name\":\"AML certification\",\"item\":\"https:\/\/amlcertification.com\/es\/\"},{\"@type\":\"ListItem\",\"position\":2,\"name\":\"Verificar Certificado\"}]},{\"@type\":\"WebSite\",\"@id\":\"https:\/\/amlcertification.com\/es\/#website\",\"url\":\"https:\/\/amlcertification.com\/es\/\",\"name\":\"AML\",\"description\":\"\",\"publisher\":{\"@id\":\"https:\/\/amlcertification.com\/es\/#organization\"},\"potentialAction\":[{\"@type\":\"SearchAction\",\"target\":{\"@type\":\"EntryPoint\",\"urlTemplate\":\"https:\/\/amlcertification.com\/es\/?s={search_term_string}\"},\"query-input\":{\"@type\":\"PropertyValueSpecification\",\"valueRequired\":true,\"valueName\":\"search_term_string\"}}],\"inLanguage\":\"es\"}]}<\/script>\n<!-- \/ Yoast SEO plugin. -->","yoast_head_json":{"title":"Verificar Certificado | AML Certification Centre","description":"Compruebe la validez de cualquier certificado de curso de nuestra empresa","robots":{"index":"noindex","follow":"nofollow"},"og_locale":"es","og_type":"article","og_title":"Verificar Certificado | AML Certification Centre","og_description":"Compruebe la validez de cualquier certificado de curso de nuestra empresa","og_url":"https:\/\/amlcertification.com\/es\/verificar-certificado\/","og_site_name":"AML","article_publisher":"https:\/\/www.facebook.com\/amlcertificationcentre\/","article_modified_time":"2025-05-19T17:56:07+00:00","twitter_card":"summary_large_image","schema":{"@context":"https:\/\/schema.org","@graph":[{"@type":"WebPage","@id":"https:\/\/amlcertification.com\/es\/verificar-certificado\/","url":"https:\/\/amlcertification.com\/es\/verificar-certificado\/","name":"Verificar Certificado | AML Certification Centre","isPartOf":{"@id":"https:\/\/amlcertification.com\/es\/#website"},"datePublished":"2024-01-30T15:55:28+00:00","dateModified":"2025-05-19T17:56:07+00:00","description":"Compruebe la validez de cualquier certificado de curso de nuestra empresa","breadcrumb":{"@id":"https:\/\/amlcertification.com\/es\/verificar-certificado\/#breadcrumb"},"inLanguage":"es","potentialAction":[{"@type":"ReadAction","target":["https:\/\/amlcertification.com\/es\/verificar-certificado\/"]}]},{"@type":"BreadcrumbList","@id":"https:\/\/amlcertification.com\/es\/verificar-certificado\/#breadcrumb","itemListElement":[{"@type":"ListItem","position":1,"name":"AML certification","item":"https:\/\/amlcertification.com\/es\/"},{"@type":"ListItem","position":2,"name":"Verificar Certificado"}]},{"@type":"WebSite","@id":"https:\/\/amlcertification.com\/es\/#website","url":"https:\/\/amlcertification.com\/es\/","name":"AML","description":"","publisher":{"@id":"https:\/\/amlcertification.com\/es\/#organization"},"potentialAction":[{"@type":"SearchAction","target":{"@type":"EntryPoint","urlTemplate":"https:\/\/amlcertification.com\/es\/?s={search_term_string}"},"query-input":{"@type":"PropertyValueSpecification","valueRequired":true,"valueName":"search_term_string"}}],"inLanguage":"es"}]}},"_links":{"self":[{"href":"https:\/\/amlcertification.com\/es\/wp-json\/wp\/v2\/pages\/18658","targetHints":{"allow":["GET"]}}],"collection":[{"href":"https:\/\/amlcertification.com\/es\/wp-json\/wp\/v2\/pages"}],"about":[{"href":"https:\/\/amlcertification.com\/es\/wp-json\/wp\/v2\/types\/page"}],"author":[{"embeddable":true,"href":"https:\/\/amlcertification.com\/es\/wp-json\/wp\/v2\/users\/1"}],"replies":[{"embeddable":true,"href":"https:\/\/amlcertification.com\/es\/wp-json\/wp\/v2\/comments?post=18658"}],"version-history":[{"count":1,"href":"https:\/\/amlcertification.com\/es\/wp-json\/wp\/v2\/pages\/18658\/revisions"}],"predecessor-version":[{"id":18659,"href":"https:\/\/amlcertification.com\/es\/wp-json\/wp\/v2\/pages\/18658\/revisions\/18659"}],"wp:attachment":[{"href":"https:\/\/amlcertification.com\/es\/wp-json\/wp\/v2\/media?parent=18658"}],"curies":[{"name":"wp","href":"https:\/\/api.w.org\/{rel}","templated":true}]}}