{"id":18652,"date":"2024-05-27T12:56:19","date_gmt":"2024-05-27T12:56:19","guid":{"rendered":"https:\/\/amlcertification.com\/?page_id=18652"},"modified":"2025-06-19T19:57:55","modified_gmt":"2025-06-19T19:57:55","slug":"nuestro-lms","status":"publish","type":"page","link":"https:\/\/amlcertification.com\/es\/nuestro-lms\/","title":{"rendered":"Nuestro LMS"},"content":{"rendered":"  <!-- mfunc -->\r\n  <section class=\"wrapper\">\r\n    <ul class=\"nbread\">\r\n      <\/li><li><span><span><a href=\"https:\/\/amlcertification.com\/es\/\">AML certification<\/a><\/span><\/span><\/li><li>    <\/ul>\r\n  <\/section>\r\n  <!-- \/mfunc -->\r\n\n\n  <section class=\"wrapper\">\r\n      <div class=\"nabout-one\">\r\n        <div class=\"nabout-one-t\">\r\n          <h1 class=\"nabout-one-h\">Acerca de nuestro LMS<\/h1>\r\n          <div class=\"nabout-one-d\">Nuestro LMS es una plataforma innovadora, f\u00e1cil de usar e interactiva que har\u00e1 que completar su formaci\u00f3n, ex\u00e1menes y certificaciones sea r\u00e1pido y sencillo.<\/div>\r\n        <\/div>\r\n        <a href=\"\/auth\/\" class=\"btn-pr\">Pru\u00e9belo ahora<\/a>\r\n      <\/div>\r\n  <\/section>\r\n\n\n  <section class=\"wrapper\">\r\n    <div class=\"nabout-image\">\r\n      <picture>\r\n        <img decoding=\"async\" src=\"https:\/\/amlcertification.com\/wp-content\/uploads\/2024\/03\/Anti_money_web.jpg\" alt=\"\">\r\n      <\/picture>\r\n    <\/div>\r\n  <\/section>\r\n\n\n  <section class=\"wrapper\">\r\n      <div class=\"nlms-ben\">\r\n        <div class=\"nlms-ben-t\">\r\n          <h2 class=\"nlms-ben-t-h\">Ventajas de nuestro LMS<\/h2>\r\n          <div class=\"nlms-ben-t-d\">Vamos m\u00e1s all\u00e1 de las listas de comprobaci\u00f3n: nuestros programas est\u00e1n dise\u00f1ados para prepararle desde el primer d\u00eda para los retos que plantea el cumplimiento de la normativa en el mundo real.<\/div>\r\n        <\/div>\r\n        <div class=\"nlms-ben-b\">\r\n                                    <div class=\"nlms-ben-b-c\">\r\n                                <picture>\r\n                  <img decoding=\"async\" src=\"https:\/\/amlcertification.com\/wp-content\/uploads\/2024\/05\/Customizable-Content.png\" alt=\"\">\r\n                <\/picture>\r\n                                <div class=\"nlms-ben-b-c-d\">\r\n                  <h3 class=\"nlms-ben-b-c-d-b\">\r\n                    Contenido personalizable                  <\/h3>\r\n                  <div class=\"nlms-ben-b-c-d-t\">\r\n                    Cada usuario puede adaptar los programas de formaci\u00f3n a sus propios objetivos y nivel de conocimientos, eligiendo el curso adecuado para garantizar la experiencia de aprendizaje m\u00e1s eficaz.                  <\/div>\r\n                <\/div>\r\n              <\/div>\r\n                          <div class=\"nlms-ben-b-c\">\r\n                                <picture>\r\n                  <img decoding=\"async\" src=\"https:\/\/amlcertification.com\/wp-content\/uploads\/2024\/05\/Interactive-Learning.png\" alt=\"\">\r\n                <\/picture>\r\n                                <div class=\"nlms-ben-b-c-d\">\r\n                  <h3 class=\"nlms-ben-b-c-d-b\">\r\n                    Aprendizaje interactivo                  <\/h3>\r\n                  <div class=\"nlms-ben-b-c-d-t\">\r\n                    La plataforma fomenta la interacci\u00f3n activa con el contenido mediante tareas y pruebas interactivas, mejorando el aprendizaje y el compromiso del usuario.                  <\/div>\r\n                <\/div>\r\n              <\/div>\r\n                          <div class=\"nlms-ben-b-c\">\r\n                                <picture>\r\n                  <img decoding=\"async\" src=\"https:\/\/amlcertification.com\/wp-content\/uploads\/2024\/05\/Enhanced-Visuals.png\" alt=\"\">\r\n                <\/picture>\r\n                                <div class=\"nlms-ben-b-c-d\">\r\n                  <h3 class=\"nlms-ben-b-c-d-b\">\r\n                    Visuales mejorados                  <\/h3>\r\n                  <div class=\"nlms-ben-b-c-d-t\">\r\n                    Gr\u00e1ficos y videos de \u00faltima generaci\u00f3n hacen que el proceso de aprendizaje no solo sea \u00fatil, sino tambi\u00e9n visualmente atractivo, aumentando el inter\u00e9s y la retenci\u00f3n del usuario.                  <\/div>\r\n                <\/div>\r\n              <\/div>\r\n                          <div class=\"nlms-ben-b-c\">\r\n                                <picture>\r\n                  <img decoding=\"async\" src=\"https:\/\/amlcertification.com\/wp-content\/uploads\/2024\/05\/User-Friendly.png\" alt=\"\">\r\n                <\/picture>\r\n                                <div class=\"nlms-ben-b-c-d\">\r\n                  <h3 class=\"nlms-ben-b-c-d-b\">\r\n                    F\u00e1cil de Usar                  <\/h3>\r\n                  <div class=\"nlms-ben-b-c-d-t\">\r\n                    La plataforma cuenta con una interfaz intuitiva que facilita la navegaci\u00f3n y el acceso a los materiales de formaci\u00f3n, siendo adecuada para todos los usuarios.                  <\/div>\r\n                <\/div>\r\n              <\/div>\r\n                          <div class=\"nlms-ben-b-c\">\r\n                                <picture>\r\n                  <img decoding=\"async\" src=\"https:\/\/amlcertification.com\/wp-content\/uploads\/2024\/05\/Cross-platform.png\" alt=\"\">\r\n                <\/picture>\r\n                                <div class=\"nlms-ben-b-c-d\">\r\n                  <h3 class=\"nlms-ben-b-c-d-b\">\r\n                    Multiplataforma                  <\/h3>\r\n                  <div class=\"nlms-ben-b-c-d-t\">\r\n                    Se puede acceder a los cursos desde cualquier dispositivo \u2014ya sea computadora, tablet o smartphone\u2014 permiti\u00e9ndote aprender en cualquier lugar y momento.                  <\/div>\r\n                <\/div>\r\n              <\/div>\r\n                          <div class=\"nlms-ben-b-c\">\r\n                                <picture>\r\n                  <img decoding=\"async\" src=\"https:\/\/amlcertification.com\/wp-content\/uploads\/2024\/05\/picture-5.png\" alt=\"\">\r\n                <\/picture>\r\n                                <div class=\"nlms-ben-b-c-d\">\r\n                  <h3 class=\"nlms-ben-b-c-d-b\">\r\n                    Integrable                  <\/h3>\r\n                  <div class=\"nlms-ben-b-c-d-t\">\r\n                    La plataforma puede integrarse f\u00e1cilmente con otros sistemas y herramientas para ampliar su funcionalidad y optimizar el proceso de aprendizaje dentro de la infraestructura tecnol\u00f3gica existente de una organizaci\u00f3n.                  <\/div>\r\n                <\/div>\r\n              <\/div>\r\n                              <\/div>\r\n      <\/div>\r\n    <\/section>\r\n\n\n  <section class=\"wrapper\">\r\n      <div class=\"nabout-tree-block green\">\r\n        <div class=\"nabout-tree-h\">\r\n          Proteja su empresa antes de que sea demasiado tarde        <\/div>\r\n        <div class=\"nabout-tree-d\">\r\n          No espere a que un incidente de blanqueo de capitales ponga en peligro su negocio. Tome medidas proactivas para proteger su organizaci\u00f3n inscribiendo a su equipo en nuestros cursos contra el blanqueo de capitales para empresas.        <\/div>\r\n                      <a href=\"\/auth\/\" class=\"btn-pr\">Pru\u00e9balo ahora<\/a>\r\n                  <\/div>\r\n  <\/section>\r\n\n\n  <section class=\"wrapper\">\r\n    <div class=\"seventeen_block\">\r\n      <div class=\"seventeen_block_partners\">\r\n                      <div class=\"seventeen_block_partner\"><img decoding=\"async\" src=\"https:\/\/amlcertification.com\/wp-content\/uploads\/2024\/09\/Captura-de-pantalla-2024-09-26-a-las-16.43.13.png\" alt=\"\"><\/div>\r\n                          <div class=\"seventeen_block_partner\"><img decoding=\"async\" src=\"https:\/\/amlcertification.com\/wp-content\/uploads\/2024\/12\/174.png\" alt=\"\"><\/div>\r\n                          <div class=\"seventeen_block_partner\"><img decoding=\"async\" src=\"https:\/\/amlcertification.com\/wp-content\/uploads\/2024\/12\/172.png\" alt=\"\"><\/div>\r\n                          <div class=\"seventeen_block_partner\"><img decoding=\"async\" src=\"https:\/\/amlcertification.com\/wp-content\/uploads\/2024\/12\/170.png\" alt=\"\"><\/div>\r\n                          <div class=\"seventeen_block_partner\"><img decoding=\"async\" src=\"https:\/\/amlcertification.com\/wp-content\/uploads\/2024\/12\/171.png\" alt=\"\"><\/div>\r\n                          <div class=\"seventeen_block_partner\"><img decoding=\"async\" src=\"https:\/\/amlcertification.com\/wp-content\/uploads\/2024\/05\/Frame-13.png\" alt=\"\"><\/div>\r\n                  <\/div>\r\n    <\/div>\r\n  <\/section>\r\n","protected":false},"excerpt":{"rendered":"","protected":false},"author":1,"featured_media":0,"parent":0,"menu_order":0,"comment_status":"closed","ping_status":"closed","template":"","meta":{"_acf_changed":false,"content-type":"","inline_featured_image":false,"footnotes":""},"class_list":["post-18652","page","type-page","status-publish","hentry"],"acf":[],"yoast_head":"<!-- This site is optimized with the Yoast SEO plugin v25.1 - https:\/\/yoast.com\/wordpress\/plugins\/seo\/ -->\n<title>Nuestro LMS - AML Certification Centre<\/title>\n<meta name=\"description\" content=\"Descubre c\u00f3mo el Sistema de Gesti\u00f3n del Aprendizaje (LMS) del Centro de Certificaci\u00f3n AML simplifica y mejora tu experiencia de aprendizaje con funciones avanzadas y un dise\u00f1o f\u00e1cil de usar.\" \/>\n<meta name=\"robots\" content=\"index, follow, max-snippet:-1, max-image-preview:large, max-video-preview:-1\" \/>\n<link rel=\"canonical\" href=\"https:\/\/amlcertification.com\/es\/nuestro-lms\/\" \/>\n<meta property=\"og:locale\" content=\"es\" \/>\n<meta property=\"og:type\" content=\"article\" \/>\n<meta property=\"og:title\" content=\"Nuestro LMS - AML Certification Centre\" \/>\n<meta property=\"og:description\" content=\"Descubre c\u00f3mo el Sistema de Gesti\u00f3n del Aprendizaje (LMS) del Centro de Certificaci\u00f3n AML simplifica y mejora tu experiencia de aprendizaje con funciones avanzadas y un dise\u00f1o f\u00e1cil de usar.\" \/>\n<meta property=\"og:url\" content=\"https:\/\/amlcertification.com\/es\/nuestro-lms\/\" \/>\n<meta property=\"og:site_name\" content=\"AML\" \/>\n<meta property=\"article:publisher\" content=\"https:\/\/www.facebook.com\/amlcertificationcentre\/\" \/>\n<meta property=\"article:modified_time\" content=\"2025-06-19T19:57:55+00:00\" \/>\n<meta name=\"twitter:card\" content=\"summary_large_image\" \/>\n<script type=\"application\/ld+json\" class=\"yoast-schema-graph\">{\"@context\":\"https:\/\/schema.org\",\"@graph\":[{\"@type\":\"WebPage\",\"@id\":\"https:\/\/amlcertification.com\/es\/nuestro-lms\/\",\"url\":\"https:\/\/amlcertification.com\/es\/nuestro-lms\/\",\"name\":\"Nuestro LMS - AML Certification Centre\",\"isPartOf\":{\"@id\":\"https:\/\/amlcertification.com\/es\/#website\"},\"datePublished\":\"2024-05-27T12:56:19+00:00\",\"dateModified\":\"2025-06-19T19:57:55+00:00\",\"description\":\"Descubre c\u00f3mo el Sistema de Gesti\u00f3n del Aprendizaje (LMS) del Centro de Certificaci\u00f3n AML simplifica y mejora tu experiencia de aprendizaje con funciones avanzadas y un dise\u00f1o f\u00e1cil de usar.\",\"breadcrumb\":{\"@id\":\"https:\/\/amlcertification.com\/es\/nuestro-lms\/#breadcrumb\"},\"inLanguage\":\"es\",\"potentialAction\":[{\"@type\":\"ReadAction\",\"target\":[\"https:\/\/amlcertification.com\/es\/nuestro-lms\/\"]}]},{\"@type\":\"BreadcrumbList\",\"@id\":\"https:\/\/amlcertification.com\/es\/nuestro-lms\/#breadcrumb\",\"itemListElement\":[{\"@type\":\"ListItem\",\"position\":1,\"name\":\"AML certification\",\"item\":\"https:\/\/amlcertification.com\/es\/\"},{\"@type\":\"ListItem\",\"position\":2,\"name\":\"Nuestro LMS\"}]},{\"@type\":\"WebSite\",\"@id\":\"https:\/\/amlcertification.com\/es\/#website\",\"url\":\"https:\/\/amlcertification.com\/es\/\",\"name\":\"AML\",\"description\":\"\",\"publisher\":{\"@id\":\"https:\/\/amlcertification.com\/es\/#organization\"},\"potentialAction\":[{\"@type\":\"SearchAction\",\"target\":{\"@type\":\"EntryPoint\",\"urlTemplate\":\"https:\/\/amlcertification.com\/es\/?s={search_term_string}\"},\"query-input\":{\"@type\":\"PropertyValueSpecification\",\"valueRequired\":true,\"valueName\":\"search_term_string\"}}],\"inLanguage\":\"es\"}]}<\/script>\n<!-- \/ Yoast SEO plugin. -->","yoast_head_json":{"title":"Nuestro LMS - AML Certification Centre","description":"Descubre c\u00f3mo el Sistema de Gesti\u00f3n del Aprendizaje (LMS) del Centro de Certificaci\u00f3n AML simplifica y mejora tu experiencia de aprendizaje con funciones avanzadas y un dise\u00f1o f\u00e1cil de usar.","robots":{"index":"index","follow":"follow","max-snippet":"max-snippet:-1","max-image-preview":"max-image-preview:large","max-video-preview":"max-video-preview:-1"},"canonical":"https:\/\/amlcertification.com\/es\/nuestro-lms\/","og_locale":"es","og_type":"article","og_title":"Nuestro LMS - AML Certification Centre","og_description":"Descubre c\u00f3mo el Sistema de Gesti\u00f3n del Aprendizaje (LMS) del Centro de Certificaci\u00f3n AML simplifica y mejora tu experiencia de aprendizaje con funciones avanzadas y un dise\u00f1o f\u00e1cil de usar.","og_url":"https:\/\/amlcertification.com\/es\/nuestro-lms\/","og_site_name":"AML","article_publisher":"https:\/\/www.facebook.com\/amlcertificationcentre\/","article_modified_time":"2025-06-19T19:57:55+00:00","twitter_card":"summary_large_image","schema":{"@context":"https:\/\/schema.org","@graph":[{"@type":"WebPage","@id":"https:\/\/amlcertification.com\/es\/nuestro-lms\/","url":"https:\/\/amlcertification.com\/es\/nuestro-lms\/","name":"Nuestro LMS - AML Certification Centre","isPartOf":{"@id":"https:\/\/amlcertification.com\/es\/#website"},"datePublished":"2024-05-27T12:56:19+00:00","dateModified":"2025-06-19T19:57:55+00:00","description":"Descubre c\u00f3mo el Sistema de Gesti\u00f3n del Aprendizaje (LMS) del Centro de Certificaci\u00f3n AML simplifica y mejora tu experiencia de aprendizaje con funciones avanzadas y un dise\u00f1o f\u00e1cil de usar.","breadcrumb":{"@id":"https:\/\/amlcertification.com\/es\/nuestro-lms\/#breadcrumb"},"inLanguage":"es","potentialAction":[{"@type":"ReadAction","target":["https:\/\/amlcertification.com\/es\/nuestro-lms\/"]}]},{"@type":"BreadcrumbList","@id":"https:\/\/amlcertification.com\/es\/nuestro-lms\/#breadcrumb","itemListElement":[{"@type":"ListItem","position":1,"name":"AML certification","item":"https:\/\/amlcertification.com\/es\/"},{"@type":"ListItem","position":2,"name":"Nuestro LMS"}]},{"@type":"WebSite","@id":"https:\/\/amlcertification.com\/es\/#website","url":"https:\/\/amlcertification.com\/es\/","name":"AML","description":"","publisher":{"@id":"https:\/\/amlcertification.com\/es\/#organization"},"potentialAction":[{"@type":"SearchAction","target":{"@type":"EntryPoint","urlTemplate":"https:\/\/amlcertification.com\/es\/?s={search_term_string}"},"query-input":{"@type":"PropertyValueSpecification","valueRequired":true,"valueName":"search_term_string"}}],"inLanguage":"es"}]}},"_links":{"self":[{"href":"https:\/\/amlcertification.com\/es\/wp-json\/wp\/v2\/pages\/18652","targetHints":{"allow":["GET"]}}],"collection":[{"href":"https:\/\/amlcertification.com\/es\/wp-json\/wp\/v2\/pages"}],"about":[{"href":"https:\/\/amlcertification.com\/es\/wp-json\/wp\/v2\/types\/page"}],"author":[{"embeddable":true,"href":"https:\/\/amlcertification.com\/es\/wp-json\/wp\/v2\/users\/1"}],"replies":[{"embeddable":true,"href":"https:\/\/amlcertification.com\/es\/wp-json\/wp\/v2\/comments?post=18652"}],"version-history":[{"count":2,"href":"https:\/\/amlcertification.com\/es\/wp-json\/wp\/v2\/pages\/18652\/revisions"}],"predecessor-version":[{"id":20434,"href":"https:\/\/amlcertification.com\/es\/wp-json\/wp\/v2\/pages\/18652\/revisions\/20434"}],"wp:attachment":[{"href":"https:\/\/amlcertification.com\/es\/wp-json\/wp\/v2\/media?parent=18652"}],"curies":[{"name":"wp","href":"https:\/\/api.w.org\/{rel}","templated":true}]}}