{"id":18650,"date":"2023-09-25T09:53:55","date_gmt":"2023-09-25T09:53:55","guid":{"rendered":"https:\/\/amlcertification.com\/?page_id=18650"},"modified":"2025-05-19T17:47:04","modified_gmt":"2025-05-19T17:47:04","slug":"politica-de-cookies","status":"publish","type":"page","link":"https:\/\/amlcertification.com\/es\/politica-de-cookies\/","title":{"rendered":"Pol\u00edtica de Cookies"},"content":{"rendered":"  <article class=\"wrapper-md\">\r\n    <div class=\"content-page\">\r\n      <h1>Pol\u00edtica de Cookies<\/h1>\r\n      <p>Las cookies son peque\u00f1os archivos de texto transferidos desde sitios web, aplicaciones o servicios a tu navegador web. Nuestro sitio web utiliza cookies, como casi todos los sitios web, para ayudarte a brindarte la mejor experiencia posible.<\/p>\n<p>Nuestras cookies nos ayudan a:<\/p>\n<ul>\n<li aria-level=\"1\">Hacer que nuestro sitio web funcione como esperas<\/li>\n<li aria-level=\"1\">Mejorar la velocidad\/seguridad del sitio<\/li>\n<li aria-level=\"1\">Permitir que compartas algunas de nuestras p\u00e1ginas de contenido con redes sociales<\/li>\n<li aria-level=\"1\">Recopilar datos anal\u00edticos y de uso que nos permiten hacer mejoras en nuestro sitio web para mejorar tu experiencia<\/li>\n<\/ul>\n<p>No utilizamos cookies para:<\/p>\n<ul>\n<li aria-level=\"1\">Recopilar informaci\u00f3n personal identificable (sin tu permiso expreso)<\/li>\n<li aria-level=\"1\">Transmitir datos personales identificables a terceros<\/li>\n<\/ul>\n<h2>Otorg\u00e1ndonos permiso para usar cookies<\/h2>\n<p>Si la configuraci\u00f3n de tu navegador que utilizas para ver este sitio web est\u00e1 ajustada para aceptar cookies, consideramos que, al continuar usando nuestro sitio web, est\u00e1s de acuerdo con esto. Si deseas eliminar o no usar cookies en nuestro sitio, puedes aprender c\u00f3mo hacerlo a continuaci\u00f3n, sin embargo, hacerlo probablemente har\u00e1 que nuestro sitio no funcione como esperas.<\/p>\n<h2>Los siguientes tipos de cookies pueden ser utilizadas en nuestro sitio web:<\/h2>\n<h3>Estad\u00edsticas<\/h3>\n<p>Las cookies estad\u00edsticas ayudan a los propietarios de sitios web a comprender c\u00f3mo los visitantes interact\u00faan con los sitios web. Usamos cookies de Google Analytics para ayudarnos a entender c\u00f3mo y cu\u00e1ndo los usuarios llegan a nuestro sitio y c\u00f3mo navegan o usan nuestro sitio. Los datos almacenados por estas cookies nunca muestran detalles personales de los que se pueda establecer tu identidad individual.<\/p>\n<h3>Funcionalidad<\/h3>\n<p>Estas cookies recuerdan las elecciones que haces, como el pa\u00eds desde el cual visitas nuestro sitio web, opciones como la preferencia de idioma y tambi\u00e9n pueden recordar los cambios que hayas realizado en el tama\u00f1o del texto, las fuentes y otras partes personalizables de las p\u00e1ginas web. Estas cookies luego se utilizan para proporcionarte una experiencia m\u00e1s adecuada a tus selecciones y para hacer las visitas m\u00e1s personalizadas y agradables. La informaci\u00f3n que recogen estas cookies puede ser anonimizada y no pueden rastrear tu actividad de navegaci\u00f3n en otros sitios web.<\/p>\n<h3>Botones sociales<\/h3>\n<p>Usamos &#8216;botones sociales&#8217; para permitir que los visitantes compartan o marquen contenido de liderazgo de pensamiento. Estos son botones para sitios de redes sociales de terceros y estos sitios pueden registrar informaci\u00f3n sobre tus actividades en Internet, incluido en nuestro sitio. Por favor, revisa los t\u00e9rminos de uso y las pol\u00edticas de privacidad respectivas de estos sitios para entender exactamente c\u00f3mo usan tu informaci\u00f3n.<\/p>\n<h2>Controlar tus preferencias de cookies<\/h2>\n<p>Puedes gestionar las cookies del sitio web en la configuraci\u00f3n de tu navegador de internet. Si realizas cambios en la configuraci\u00f3n, es posible que algunas funciones no funcionen como se esperaba. Haz clic abajo para obtener informaci\u00f3n detallada sobre c\u00f3mo desactivar y eliminar cookies en algunos navegadores com\u00fanmente utilizados:<\/p>\n<ul>\n<li aria-level=\"1\"><a href=\"https:\/\/support.mozilla.org\/en-US\/kb\/delete-cookies-remove-info-websites-stored\">Mozilla Firefox\u00ae<\/a><\/li>\n<li aria-level=\"1\"><a href=\"https:\/\/support.microsoft.com\/en-us\/help\/17442\/windows-internet-explorer-delete-manage-cookies#ie=ie-11\">Microsoft\u00ae Internet Explorer<\/a><\/li>\n<li aria-level=\"1\"><a href=\"https:\/\/support.google.com\/accounts\/answer\/61416?hl=en\">Google Chrome\u2122<\/a><\/li>\n<\/ul>\n    <\/div>\r\n  <\/article>\r\n\n\n  <section class=\"section-block\">\r\n    <div class=\"wrapper\">\r\n      <form class=\"sub-form\" action=\"\/\" onsubmit=\"aml_form_submit()\" data-ajax-lock>\r\n        <label class=\"sub-form__title\">\r\n          Suscr\u00edbete al bolet\u00edn Mantente al d\u00eda con las tendencias del mercado de TI, as\u00ed como          <span>As\u00ed como las noticias de AML.<\/span><\/label>\r\n        <input type=\"email\" name=\"email\" class=\"sub-form__input\" required=\"required\" placeholder=\"Introduzca su direcci\u00f3n de correo electr\u00f3nico\" \/>\r\n        <input type=\"hidden\" name=\"Form\" value=\"Suscr\u00edbete al bolet\u00edn Mantente al d\u00eda con las tendencias del mercado de TI, as\u00ed como\">\r\n        <input type=\"hidden\" name=\"Page\" value=\"https:\/\/amlcertification.com\/es\/wp-json\/wp\/v2\/pages\/18650\/\">\r\n        <button type=\"submit\" class=\"sub-form__btn\">\r\n          Send\r\n          <!-- <img decoding=\"async\" src=\"https:\/\/amlcertification.com\/wp-content\/themes\/aml\/public\/images\/icons\/arrow.svg\" alt=\"arrow icon\"> -->\r\n        <\/button>\r\n      <\/form>\r\n          <\/div>\r\n  <\/section>\r\n","protected":false},"excerpt":{"rendered":"","protected":false},"author":1,"featured_media":0,"parent":0,"menu_order":0,"comment_status":"closed","ping_status":"closed","template":"","meta":{"_acf_changed":false,"content-type":"","inline_featured_image":false,"footnotes":""},"class_list":["post-18650","page","type-page","status-publish","hentry"],"acf":[],"yoast_head":"<!-- This site is optimized with the Yoast SEO plugin v25.1 - https:\/\/yoast.com\/wordpress\/plugins\/seo\/ -->\n<title>Pol\u00edtica de Cookies | AML Certification Centre<\/title>\n<meta name=\"description\" content=\"Encuentra nuestra pol\u00edtica de cookies en la p\u00e1gina del AML Certification Centre\" \/>\n<meta name=\"robots\" content=\"index, follow, max-snippet:-1, max-image-preview:large, max-video-preview:-1\" \/>\n<link rel=\"canonical\" href=\"https:\/\/amlcertification.com\/es\/politica-de-cookies\/\" \/>\n<meta property=\"og:locale\" content=\"es\" \/>\n<meta property=\"og:type\" content=\"article\" \/>\n<meta property=\"og:title\" content=\"Pol\u00edtica de Cookies | AML Certification Centre\" \/>\n<meta property=\"og:description\" content=\"Encuentra nuestra pol\u00edtica de cookies en la p\u00e1gina del AML Certification Centre\" \/>\n<meta property=\"og:url\" content=\"https:\/\/amlcertification.com\/es\/politica-de-cookies\/\" \/>\n<meta property=\"og:site_name\" content=\"AML\" \/>\n<meta property=\"article:publisher\" content=\"https:\/\/www.facebook.com\/amlcertificationcentre\/\" \/>\n<meta property=\"article:modified_time\" content=\"2025-05-19T17:47:04+00:00\" \/>\n<meta name=\"twitter:card\" content=\"summary_large_image\" \/>\n<script type=\"application\/ld+json\" class=\"yoast-schema-graph\">{\"@context\":\"https:\/\/schema.org\",\"@graph\":[{\"@type\":\"WebPage\",\"@id\":\"https:\/\/amlcertification.com\/es\/politica-de-cookies\/\",\"url\":\"https:\/\/amlcertification.com\/es\/politica-de-cookies\/\",\"name\":\"Pol\u00edtica de Cookies | AML Certification Centre\",\"isPartOf\":{\"@id\":\"https:\/\/amlcertification.com\/es\/#website\"},\"datePublished\":\"2023-09-25T09:53:55+00:00\",\"dateModified\":\"2025-05-19T17:47:04+00:00\",\"description\":\"Encuentra nuestra pol\u00edtica de cookies en la p\u00e1gina del AML Certification Centre\",\"breadcrumb\":{\"@id\":\"https:\/\/amlcertification.com\/es\/politica-de-cookies\/#breadcrumb\"},\"inLanguage\":\"es\",\"potentialAction\":[{\"@type\":\"ReadAction\",\"target\":[\"https:\/\/amlcertification.com\/es\/politica-de-cookies\/\"]}]},{\"@type\":\"BreadcrumbList\",\"@id\":\"https:\/\/amlcertification.com\/es\/politica-de-cookies\/#breadcrumb\",\"itemListElement\":[{\"@type\":\"ListItem\",\"position\":1,\"name\":\"AML certification\",\"item\":\"https:\/\/amlcertification.com\/es\/\"},{\"@type\":\"ListItem\",\"position\":2,\"name\":\"Pol\u00edtica de Cookies\"}]},{\"@type\":\"WebSite\",\"@id\":\"https:\/\/amlcertification.com\/es\/#website\",\"url\":\"https:\/\/amlcertification.com\/es\/\",\"name\":\"AML\",\"description\":\"\",\"publisher\":{\"@id\":\"https:\/\/amlcertification.com\/es\/#organization\"},\"potentialAction\":[{\"@type\":\"SearchAction\",\"target\":{\"@type\":\"EntryPoint\",\"urlTemplate\":\"https:\/\/amlcertification.com\/es\/?s={search_term_string}\"},\"query-input\":{\"@type\":\"PropertyValueSpecification\",\"valueRequired\":true,\"valueName\":\"search_term_string\"}}],\"inLanguage\":\"es\"}]}<\/script>\n<!-- \/ Yoast SEO plugin. -->","yoast_head_json":{"title":"Pol\u00edtica de Cookies | AML Certification Centre","description":"Encuentra nuestra pol\u00edtica de cookies en la p\u00e1gina del AML Certification Centre","robots":{"index":"index","follow":"follow","max-snippet":"max-snippet:-1","max-image-preview":"max-image-preview:large","max-video-preview":"max-video-preview:-1"},"canonical":"https:\/\/amlcertification.com\/es\/politica-de-cookies\/","og_locale":"es","og_type":"article","og_title":"Pol\u00edtica de Cookies | AML Certification Centre","og_description":"Encuentra nuestra pol\u00edtica de cookies en la p\u00e1gina del AML Certification Centre","og_url":"https:\/\/amlcertification.com\/es\/politica-de-cookies\/","og_site_name":"AML","article_publisher":"https:\/\/www.facebook.com\/amlcertificationcentre\/","article_modified_time":"2025-05-19T17:47:04+00:00","twitter_card":"summary_large_image","schema":{"@context":"https:\/\/schema.org","@graph":[{"@type":"WebPage","@id":"https:\/\/amlcertification.com\/es\/politica-de-cookies\/","url":"https:\/\/amlcertification.com\/es\/politica-de-cookies\/","name":"Pol\u00edtica de Cookies | AML Certification Centre","isPartOf":{"@id":"https:\/\/amlcertification.com\/es\/#website"},"datePublished":"2023-09-25T09:53:55+00:00","dateModified":"2025-05-19T17:47:04+00:00","description":"Encuentra nuestra pol\u00edtica de cookies en la p\u00e1gina del AML Certification Centre","breadcrumb":{"@id":"https:\/\/amlcertification.com\/es\/politica-de-cookies\/#breadcrumb"},"inLanguage":"es","potentialAction":[{"@type":"ReadAction","target":["https:\/\/amlcertification.com\/es\/politica-de-cookies\/"]}]},{"@type":"BreadcrumbList","@id":"https:\/\/amlcertification.com\/es\/politica-de-cookies\/#breadcrumb","itemListElement":[{"@type":"ListItem","position":1,"name":"AML certification","item":"https:\/\/amlcertification.com\/es\/"},{"@type":"ListItem","position":2,"name":"Pol\u00edtica de Cookies"}]},{"@type":"WebSite","@id":"https:\/\/amlcertification.com\/es\/#website","url":"https:\/\/amlcertification.com\/es\/","name":"AML","description":"","publisher":{"@id":"https:\/\/amlcertification.com\/es\/#organization"},"potentialAction":[{"@type":"SearchAction","target":{"@type":"EntryPoint","urlTemplate":"https:\/\/amlcertification.com\/es\/?s={search_term_string}"},"query-input":{"@type":"PropertyValueSpecification","valueRequired":true,"valueName":"search_term_string"}}],"inLanguage":"es"}]}},"_links":{"self":[{"href":"https:\/\/amlcertification.com\/es\/wp-json\/wp\/v2\/pages\/18650","targetHints":{"allow":["GET"]}}],"collection":[{"href":"https:\/\/amlcertification.com\/es\/wp-json\/wp\/v2\/pages"}],"about":[{"href":"https:\/\/amlcertification.com\/es\/wp-json\/wp\/v2\/types\/page"}],"author":[{"embeddable":true,"href":"https:\/\/amlcertification.com\/es\/wp-json\/wp\/v2\/users\/1"}],"replies":[{"embeddable":true,"href":"https:\/\/amlcertification.com\/es\/wp-json\/wp\/v2\/comments?post=18650"}],"version-history":[{"count":1,"href":"https:\/\/amlcertification.com\/es\/wp-json\/wp\/v2\/pages\/18650\/revisions"}],"predecessor-version":[{"id":18651,"href":"https:\/\/amlcertification.com\/es\/wp-json\/wp\/v2\/pages\/18650\/revisions\/18651"}],"wp:attachment":[{"href":"https:\/\/amlcertification.com\/es\/wp-json\/wp\/v2\/media?parent=18650"}],"curies":[{"name":"wp","href":"https:\/\/api.w.org\/{rel}","templated":true}]}}