{"id":18648,"date":"2023-07-28T09:54:40","date_gmt":"2023-07-28T09:54:40","guid":{"rendered":"https:\/\/amlcertification.com\/?page_id=18648"},"modified":"2025-06-20T13:44:28","modified_gmt":"2025-06-20T13:44:28","slug":"contactanos","status":"publish","type":"page","link":"https:\/\/amlcertification.com\/es\/contactanos\/","title":{"rendered":"Cont\u00e1ctanos"},"content":{"rendered":"  <!-- mfunc -->\r\n  <section class=\"wrapper\">\r\n    <ul class=\"nbread\">\r\n      <\/li><li><span><span><a href=\"https:\/\/amlcertification.com\/es\/\">AML certification<\/a><\/span><\/span><\/li><li>    <\/ul>\r\n  <\/section>\r\n  <!-- \/mfunc -->\r\n\n\n<section class=\"wrapper\">\r\n  <div class=\"new-blog-description\">\r\n    <h1>Contactos<\/h1>\r\n    <p>La delincuencia financiera es complicada. Perm\u00edtanos ayudarle a navegar por el complejo mundo del riesgo, la normativa y el cumplimiento. Acceda a nuestras preguntas frecuentes, p\u00f3ngase en contacto con nosotros o encuentre r\u00e1pidamente lo que busca.<\/p>\r\n  <\/div>\r\n<\/section>\r\n\n\n<section class=\"wrapper\">\r\n  <div class=\"ncon\">\r\n    <div class=\"ncon-left\">\r\n      <div class=\"ncon-left-con\">\r\n                          <div class=\"ncon-left-con-b\">\r\n                  <div class=\"ncon-left-con-n\">Para consultas generales:<\/div>\r\n                  <a href=\"mailto:support@amlcertification.com\">support@amlcertification.com<\/a>\r\n                <\/div>\r\n                              <div class=\"ncon-left-con-b\">\r\n                  <div class=\"ncon-left-con-n\">Para consultas sobre ventas y precios:<\/div>\r\n                  <a href=\"mailto:sales@amlcertification.com\">sales@amlcertification.com<\/a>\r\n                <\/div>\r\n                              <div class=\"ncon-left-con-b\">\r\n                  <div class=\"ncon-left-con-n\">Para consultas sobre asociaciones:<\/div>\r\n                  <a href=\"mailto:partners@amlcertification.com\">partners@amlcertification.com<\/a>\r\n                <\/div>\r\n                              <div class=\"ncon-left-con-b\">\r\n                  <div class=\"ncon-left-con-n\">Tel\u00e9fono<\/div>\r\n                  <a href=\"tel:+3726991407\">+372 699 1407<\/a>\r\n                <\/div>\r\n                              <div class=\"ncon-left-con-s\">\r\n                      <a href=\"https:\/\/www.youtube.com\/@AMLCertification\">\r\n                              <img decoding=\"async\" src=\"https:\/\/amlcertification.com\/wp-content\/uploads\/2025\/06\/Union.svg\" alt=\"\">\r\n                          <\/a>\r\n                      <a href=\"https:\/\/www.linkedin.com\/company\/aml-certification-centre\/\">\r\n                              <img decoding=\"async\" src=\"https:\/\/amlcertification.com\/wp-content\/uploads\/2025\/06\/Socials.svg\" alt=\"\">\r\n                          <\/a>\r\n                      <a href=\"https:\/\/instagram.com\/amlcertification\">\r\n                              <img decoding=\"async\" src=\"https:\/\/amlcertification.com\/wp-content\/uploads\/2025\/06\/Socials-1.svg\" alt=\"\">\r\n                          <\/a>\r\n                  <\/div>\r\n              <\/div>\r\n\r\n            <div class=\"ncon-left-addrs\">\r\n                <div class=\"ncon-left-addr\">\r\n          <div class=\"ncon-left-addr-n\">Tallinn, Estonia<\/div>\r\n          <div class=\"ncon-left-addr-d\">L\u00f5\u00f5tsa 2a<\/div>\r\n        <\/div>\r\n                <div class=\"ncon-left-addr\">\r\n          <div class=\"ncon-left-addr-n\">Vilna, Lituania<\/div>\r\n          <div class=\"ncon-left-addr-d\">Lvivo str. 25-702, 14\u00aa planta<\/div>\r\n        <\/div>\r\n                <div class=\"ncon-left-addr\">\r\n          <div class=\"ncon-left-addr-n\">San Salvador, El Salvador<\/div>\r\n          <div class=\"ncon-left-addr-d\">Av. La Revolucion, Presidente Plaza, nivel 6, oficinas 12<\/div>\r\n        <\/div>\r\n              <\/div>\r\n          <\/div>\r\n\r\n    <div class=\"ncon-right new_index\">\r\n      <div class=\"twelve_block_section_col_form\">\r\n        <div class=\"twelve_block_section_col_form_header\">\r\n          <div class=\"twelve_block_section_col_form_header_title\">\r\n            Contacta con nosotras          <\/div>\r\n          <div class=\"twelve_block_section_col_form_header_desc\">\r\n            \u00bfNecesitas formaci\u00f3n sobre prevenci\u00f3n del lavado de dinero? \u00a1Con gusto te ayudaremos!          <\/div>\r\n        <\/div>\r\n\r\n        <form action=\"\" class=\"contacts_form\" onsubmit=\"aml_form_submit()\" data-ajax-lock>\r\n          <div class=\"nform_inputs_block\">\r\n            <fieldset>\r\n              <label for=\"form_name_ci\">Nombre<\/label>\r\n              <input type=\"text\" name=\"name\" id=\"form_name_ci\" placeholder=\"John Deere\" required=\"required\">\r\n            <\/fieldset>\r\n            <fieldset>\r\n              <label for=\"form_ompany_name_ci\">Nombre de la empresa<\/label>\r\n              <input type=\"text\" name=\"company_name_ci\" id=\"form_company_name\" placeholder=\"Empresa AML\" required=\"required\">\r\n            <\/fieldset>\r\n            <fieldset>\r\n              <label for=\"form_email_ci\">Correo electr\u00f3nico<\/label>\r\n              <input type=\"text\" name=\"email\" id=\"form_email_ci\" placeholder=\"name@example.com\" required=\"required\">\r\n            <\/fieldset>\r\n            <fieldset>\r\n              <label for=\"form_phone_ci\">Tel\u00e9fono<\/label>\r\n              <input type=\"text\" name=\"phone\" id=\"form_phone_ci\" placeholder=\"+380 (__) ___-__-__\" required=\"required\">\r\n            <\/fieldset>\r\n            <fieldset>\r\n              <label for=\"form_information_ci\">Mensaje<\/label>\r\n              <textarea name=\"message\" id=\"form_information_ci\" placeholder=\"Introducir informaci\u00f3n\" required=\"required\"><\/textarea>\r\n            <\/fieldset>\r\n                <fieldset>\r\n        <label for=\"contact_preference\">\r\n            \u00bfC\u00f3mo te gustar\u00eda que te contact\u00e1ramos?        <\/label>\r\n        <select\r\n            name=\"contact_preference\"\r\n            id=\"contact_preference\"\r\n            class=\"form__input\"\r\n             required aria-required=\"true\"        >\r\n            <option value=\"\" disabled  selected='selected' selected>\r\n                seleccione una opci\u00f3n            <\/option>\r\n            <option value=\"email\" >\r\n                Por correo electr\u00f3nico            <\/option>\r\n            <option value=\"phone\" >\r\n                Por tel\u00e9fono            <\/option>\r\n            <option value=\"whatsapp\" >\r\n                WhatsApp            <\/option>\r\n            <option value=\"telegram\" >\r\n                Telegram            <\/option>\r\n        <\/select>\r\n    <\/fieldset>\r\n                <input type=\"hidden\" id=\"aml_nonce\" name=\"aml_nonce\" value=\"b6c66f4eec\" \/><input type=\"hidden\" name=\"_wp_http_referer\" value=\"\/es\/wp-json\/wp\/v2\/pages\/18648\" \/>          <\/div>\r\n\r\n          <div class=\"nform_cations\">\r\n            <input type=\"hidden\" name=\"form\" value=\"Obtener una consulta\">\r\n            <input type=\"submit\" value=\"Obtener una consulta\">\r\n            <div class=\"form_igree_block\">\r\n              <input type=\"checkbox\" id=\"form_igree_ci\" name=\"igree\" required=\"required\" \/>\r\n              <label for=\"form_igree_ci\">\r\n                Acepto la                <a href=\"\">Pol\u00edtica de privacidad<\/a> &#038; \r\n                <a href=\"\">Condiciones de uso<\/a>\r\n              <\/label>\r\n            <\/div>\r\n          <\/div>\r\n        <\/form>\r\n      <\/div>\r\n    <\/div>\r\n  <\/div>\r\n<\/section>\r\n","protected":false},"excerpt":{"rendered":"","protected":false},"author":1,"featured_media":0,"parent":0,"menu_order":0,"comment_status":"closed","ping_status":"closed","template":"page_contact.php","meta":{"_acf_changed":false,"content-type":"","inline_featured_image":false,"footnotes":""},"class_list":["post-18648","page","type-page","status-publish","hentry"],"acf":[],"yoast_head":"<!-- This site is optimized with the Yoast SEO plugin v25.1 - https:\/\/yoast.com\/wordpress\/plugins\/seo\/ -->\n<title>Cont\u00e1ctanos | AML Certification Centre<\/title>\n<meta name=\"description\" content=\"Encuentra nuestra informaci\u00f3n de contacto y comun\u00edcate con el Centro de Certificaci\u00f3n AML para discutir consultas relacionadas con nuestros cursos en l\u00ednea de AML. Esperamos tus preguntas y consultas.\" \/>\n<meta name=\"robots\" content=\"index, follow, max-snippet:-1, max-image-preview:large, max-video-preview:-1\" \/>\n<link rel=\"canonical\" href=\"https:\/\/amlcertification.com\/es\/contactanos\/\" \/>\n<meta property=\"og:locale\" content=\"es\" \/>\n<meta property=\"og:type\" content=\"article\" \/>\n<meta property=\"og:title\" content=\"Cont\u00e1ctanos | AML Certification Centre\" \/>\n<meta property=\"og:description\" content=\"Encuentra nuestra informaci\u00f3n de contacto y comun\u00edcate con el Centro de Certificaci\u00f3n AML para discutir consultas relacionadas con nuestros cursos en l\u00ednea de AML. Esperamos tus preguntas y consultas.\" \/>\n<meta property=\"og:url\" content=\"https:\/\/amlcertification.com\/es\/contactanos\/\" \/>\n<meta property=\"og:site_name\" content=\"AML\" \/>\n<meta property=\"article:publisher\" content=\"https:\/\/www.facebook.com\/amlcertificationcentre\/\" \/>\n<meta property=\"article:modified_time\" content=\"2025-06-20T13:44:28+00:00\" \/>\n<meta name=\"twitter:card\" content=\"summary_large_image\" \/>\n<script type=\"application\/ld+json\" class=\"yoast-schema-graph\">{\"@context\":\"https:\/\/schema.org\",\"@graph\":[{\"@type\":\"WebPage\",\"@id\":\"https:\/\/amlcertification.com\/es\/contactanos\/\",\"url\":\"https:\/\/amlcertification.com\/es\/contactanos\/\",\"name\":\"Cont\u00e1ctanos | AML Certification Centre\",\"isPartOf\":{\"@id\":\"https:\/\/amlcertification.com\/es\/#website\"},\"datePublished\":\"2023-07-28T09:54:40+00:00\",\"dateModified\":\"2025-06-20T13:44:28+00:00\",\"description\":\"Encuentra nuestra informaci\u00f3n de contacto y comun\u00edcate con el Centro de Certificaci\u00f3n AML para discutir consultas relacionadas con nuestros cursos en l\u00ednea de AML. Esperamos tus preguntas y consultas.\",\"breadcrumb\":{\"@id\":\"https:\/\/amlcertification.com\/es\/contactanos\/#breadcrumb\"},\"inLanguage\":\"es\",\"potentialAction\":[{\"@type\":\"ReadAction\",\"target\":[\"https:\/\/amlcertification.com\/es\/contactanos\/\"]}]},{\"@type\":\"BreadcrumbList\",\"@id\":\"https:\/\/amlcertification.com\/es\/contactanos\/#breadcrumb\",\"itemListElement\":[{\"@type\":\"ListItem\",\"position\":1,\"name\":\"AML certification\",\"item\":\"https:\/\/amlcertification.com\/es\/\"},{\"@type\":\"ListItem\",\"position\":2,\"name\":\"Cont\u00e1ctanos\"}]},{\"@type\":\"WebSite\",\"@id\":\"https:\/\/amlcertification.com\/es\/#website\",\"url\":\"https:\/\/amlcertification.com\/es\/\",\"name\":\"AML\",\"description\":\"\",\"publisher\":{\"@id\":\"https:\/\/amlcertification.com\/es\/#organization\"},\"potentialAction\":[{\"@type\":\"SearchAction\",\"target\":{\"@type\":\"EntryPoint\",\"urlTemplate\":\"https:\/\/amlcertification.com\/es\/?s={search_term_string}\"},\"query-input\":{\"@type\":\"PropertyValueSpecification\",\"valueRequired\":true,\"valueName\":\"search_term_string\"}}],\"inLanguage\":\"es\"}]}<\/script>\n<!-- \/ Yoast SEO plugin. -->","yoast_head_json":{"title":"Cont\u00e1ctanos | AML Certification Centre","description":"Encuentra nuestra informaci\u00f3n de contacto y comun\u00edcate con el Centro de Certificaci\u00f3n AML para discutir consultas relacionadas con nuestros cursos en l\u00ednea de AML. Esperamos tus preguntas y consultas.","robots":{"index":"index","follow":"follow","max-snippet":"max-snippet:-1","max-image-preview":"max-image-preview:large","max-video-preview":"max-video-preview:-1"},"canonical":"https:\/\/amlcertification.com\/es\/contactanos\/","og_locale":"es","og_type":"article","og_title":"Cont\u00e1ctanos | AML Certification Centre","og_description":"Encuentra nuestra informaci\u00f3n de contacto y comun\u00edcate con el Centro de Certificaci\u00f3n AML para discutir consultas relacionadas con nuestros cursos en l\u00ednea de AML. Esperamos tus preguntas y consultas.","og_url":"https:\/\/amlcertification.com\/es\/contactanos\/","og_site_name":"AML","article_publisher":"https:\/\/www.facebook.com\/amlcertificationcentre\/","article_modified_time":"2025-06-20T13:44:28+00:00","twitter_card":"summary_large_image","schema":{"@context":"https:\/\/schema.org","@graph":[{"@type":"WebPage","@id":"https:\/\/amlcertification.com\/es\/contactanos\/","url":"https:\/\/amlcertification.com\/es\/contactanos\/","name":"Cont\u00e1ctanos | AML Certification Centre","isPartOf":{"@id":"https:\/\/amlcertification.com\/es\/#website"},"datePublished":"2023-07-28T09:54:40+00:00","dateModified":"2025-06-20T13:44:28+00:00","description":"Encuentra nuestra informaci\u00f3n de contacto y comun\u00edcate con el Centro de Certificaci\u00f3n AML para discutir consultas relacionadas con nuestros cursos en l\u00ednea de AML. Esperamos tus preguntas y consultas.","breadcrumb":{"@id":"https:\/\/amlcertification.com\/es\/contactanos\/#breadcrumb"},"inLanguage":"es","potentialAction":[{"@type":"ReadAction","target":["https:\/\/amlcertification.com\/es\/contactanos\/"]}]},{"@type":"BreadcrumbList","@id":"https:\/\/amlcertification.com\/es\/contactanos\/#breadcrumb","itemListElement":[{"@type":"ListItem","position":1,"name":"AML certification","item":"https:\/\/amlcertification.com\/es\/"},{"@type":"ListItem","position":2,"name":"Cont\u00e1ctanos"}]},{"@type":"WebSite","@id":"https:\/\/amlcertification.com\/es\/#website","url":"https:\/\/amlcertification.com\/es\/","name":"AML","description":"","publisher":{"@id":"https:\/\/amlcertification.com\/es\/#organization"},"potentialAction":[{"@type":"SearchAction","target":{"@type":"EntryPoint","urlTemplate":"https:\/\/amlcertification.com\/es\/?s={search_term_string}"},"query-input":{"@type":"PropertyValueSpecification","valueRequired":true,"valueName":"search_term_string"}}],"inLanguage":"es"}]}},"_links":{"self":[{"href":"https:\/\/amlcertification.com\/es\/wp-json\/wp\/v2\/pages\/18648","targetHints":{"allow":["GET"]}}],"collection":[{"href":"https:\/\/amlcertification.com\/es\/wp-json\/wp\/v2\/pages"}],"about":[{"href":"https:\/\/amlcertification.com\/es\/wp-json\/wp\/v2\/types\/page"}],"author":[{"embeddable":true,"href":"https:\/\/amlcertification.com\/es\/wp-json\/wp\/v2\/users\/1"}],"replies":[{"embeddable":true,"href":"https:\/\/amlcertification.com\/es\/wp-json\/wp\/v2\/comments?post=18648"}],"version-history":[{"count":3,"href":"https:\/\/amlcertification.com\/es\/wp-json\/wp\/v2\/pages\/18648\/revisions"}],"predecessor-version":[{"id":20555,"href":"https:\/\/amlcertification.com\/es\/wp-json\/wp\/v2\/pages\/18648\/revisions\/20555"}],"wp:attachment":[{"href":"https:\/\/amlcertification.com\/es\/wp-json\/wp\/v2\/media?parent=18648"}],"curies":[{"name":"wp","href":"https:\/\/api.w.org\/{rel}","templated":true}]}}